{"id":516,"date":"2017-02-16T13:08:43","date_gmt":"2017-02-16T12:08:43","guid":{"rendered":"http:\/\/adolf-pichler-huette.at\/?page_id=516"},"modified":"2018-03-28T20:19:18","modified_gmt":"2018-03-28T18:19:18","slug":"wandern","status":"publish","type":"page","link":"https:\/\/adolf-pichler-huette.at\/en\/touren\/wandern\/","title":{"rendered":"Hiking"},"content":{"rendered":"<h3><a href=\"http:\/\/adolf-pichler-huette.at\/wp-content\/uploads\/2018\/03\/Wandern.jpg\"><img loading=\"lazy\" decoding=\"async\" class=\"alignnone wp-image-896\" src=\"http:\/\/adolf-pichler-huette.at\/wp-content\/uploads\/2018\/03\/Wandern.jpg\" alt=\"\" width=\"650\" height=\"488\" srcset=\"https:\/\/adolf-pichler-huette.at\/wp-content\/uploads\/2018\/03\/Wandern.jpg 800w, https:\/\/adolf-pichler-huette.at\/wp-content\/uploads\/2018\/03\/Wandern-300x225.jpg 300w, https:\/\/adolf-pichler-huette.at\/wp-content\/uploads\/2018\/03\/Wandern-768x576.jpg 768w\" sizes=\"auto, (max-width: 650px) 100vw, 650px\" \/><\/a><\/h3>\n<table>\n<tbody>\n<tr>\n<td width=\"250\">Sonntagsk\u00f6pfl<\/td>\n<td width=\"75\"><i class=\"fa fa-angle-up \" ><\/i> 2096 m<\/td>\n<td><i class=\"fa fa-clock-o \" ><\/i> ca. 0,5 hours,<br \/>\ngood with children<\/td>\n<\/tr>\n<tr>\n<td width=\"250\">Roundtrip Senderstal &#8211; Kemater Alm<\/td>\n<td><\/td>\n<td width=\"75\"><i class=\"fa fa-clock-o \" ><\/i> \u00a0ca. 2 hours<\/td>\n<\/tr>\n<tr>\n<td width=\"250\">Gamskogel<\/td>\n<td width=\"75\"><i class=\"fa fa-angle-up \" ><\/i> 2659 m<\/td>\n<td><i class=\"fa fa-clock-o \" ><\/i> \u00a0ca. 2,5 hours<\/td>\n<\/tr>\n<tr>\n<td width=\"250\">Ridge walk from Adolf Pichler H\u00fctte via four tops to Salfeinssee<\/td>\n<td><\/td>\n<td><i class=\"fa fa-clock-o \" ><\/i> \u00a0ca. 5 &#8211; 6 hours<\/td>\n<\/tr>\n<tr>\n<td width=\"250\">Roundtrip via Sendersj\u00f6chl,<br \/>\nback via Seej\u00f6chle to Adolf Pichler H\u00fctte<\/td>\n<td><\/td>\n<td><i class=\"fa fa-clock-o \" ><\/i> \u00a0ca. 4 hours<\/td>\n<\/tr>\n<tr>\n<td colspan=\"3\">alternative entry to\u00a0<a href=\"https:\/\/www.stubai.at\/stubaier-hoehenweg\/\">Stubaier H\u00f6henweg<\/a><\/td>\n<\/tr>\n<tr>\n<td colspan=\"3\">addition to\u00a0<a href=\"https:\/\/www.tirol.at\/reisefuehrer\/sport\/wandern\/wandertouren\/a-wanderung-sellrainer-huettenrunde\">Sellrainrunde<\/a><\/td>\n<\/tr>\n<\/tbody>\n<\/table>\n<h3 class=\"text\"><span class=\"textblu\">Transitions<\/span><\/h3>\n<table>\n<tbody>\n<tr>\n<td>Starkenburger H\u00fctte via Seej\u00f6chl<\/td>\n<td><i class=\"fa fa-clock-o \" ><\/i> ca. 2,5 hours<\/td>\n<\/tr>\n<tr>\n<td>Potsdamer H\u00fctte<\/td>\n<td><i class=\"fa fa-clock-o \" ><\/i> ca. 4 hours<\/td>\n<\/tr>\n<tr>\n<td>Franz Senn H\u00fctte via Sendersj\u00f6chl<\/td>\n<td><i class=\"fa fa-clock-o \" ><\/i> ca. 6 &#8211; 7 hours<\/td>\n<\/tr>\n<tr>\n<td>Alpenklubscharte \u2013 Schlicker Alm<\/td>\n<td><i class=\"fa fa-clock-o \" ><\/i> ca. 2,5 hours<\/td>\n<\/tr>\n<\/tbody>\n<\/table>\n","protected":false},"excerpt":{"rendered":"<p>Sonntagsk\u00f6pfl 2096 m ca. 0,5 hours, good with children Roundtrip Senderstal &#8211; Kemater Alm \u00a0ca. 2 hours Gamskogel 2659 m \u00a0ca. 2,5 hours Ridge walk from Adolf Pichler H\u00fctte via four tops to Salfeinssee \u00a0ca. 5 &#8211; 6 hours Roundtrip via Sendersj\u00f6chl, back via Seej\u00f6chle to Adolf Pichler H\u00fctte \u00a0ca. 4 hours alternative entry to\u00a0Stubaier &#8230;<\/p>\n","protected":false},"author":1,"featured_media":0,"parent":9,"menu_order":0,"comment_status":"closed","ping_status":"closed","template":"","meta":{"footnotes":""},"class_list":["post-516","page","type-page","status-publish","hentry"],"translation":{"provider":"WPGlobus","version":"3.0.0","language":"en","enabled_languages":["de","en"],"languages":{"de":{"title":true,"content":true,"excerpt":false},"en":{"title":true,"content":true,"excerpt":false}}},"yoast_head":"<!-- This site is optimized with the Yoast SEO plugin v26.1.1 - https:\/\/yoast.com\/wordpress\/plugins\/seo\/ -->\n<title>Hiking | Adolf Pichler Hut<\/title>\n<meta name=\"robots\" content=\"index, follow, max-snippet:-1, max-image-preview:large, max-video-preview:-1\" \/>\n<link rel=\"canonical\" href=\"https:\/\/adolf-pichler-huette.at\/touren\/wandern\/\" \/>\n<meta property=\"og:locale\" content=\"en_US\" \/>\n<meta property=\"og:type\" content=\"article\" \/>\n<meta property=\"og:title\" content=\"Hiking | Adolf Pichler Hut\" \/>\n<meta property=\"og:url\" content=\"https:\/\/adolf-pichler-huette.at\/touren\/wandern\/\" \/>\n<meta property=\"og:site_name\" content=\"Adolf Pichler Hut\" \/>\n<meta property=\"article:modified_time\" content=\"2018-03-28T18:19:18+00:00\" \/>\n<meta property=\"og:image\" content=\"http:\/\/adolf-pichler-huette.at\/wp-content\/uploads\/2018\/03\/Wandern.jpg\" \/>\n<meta name=\"twitter:card\" content=\"summary_large_image\" \/>\n<meta name=\"twitter:label1\" content=\"Est. reading time\" \/>\n\t<meta name=\"twitter:data1\" content=\"2 minutes\" \/>\n<script type=\"application\/ld+json\" class=\"yoast-schema-graph\">{\"@context\":\"https:\/\/schema.org\",\"@graph\":[{\"@type\":\"WebPage\",\"@id\":\"https:\/\/adolf-pichler-huette.at\/touren\/wandern\/\",\"url\":\"https:\/\/adolf-pichler-huette.at\/touren\/wandern\/\",\"name\":\"Hiking | Adolf Pichler Hut\",\"isPartOf\":{\"@id\":\"https:\/\/adolf-pichler-huette.at\/#website\"},\"primaryImageOfPage\":{\"@id\":\"https:\/\/adolf-pichler-huette.at\/touren\/wandern\/#primaryimage\"},\"image\":{\"@id\":\"https:\/\/adolf-pichler-huette.at\/touren\/wandern\/#primaryimage\"},\"thumbnailUrl\":\"http:\/\/adolf-pichler-huette.at\/wp-content\/uploads\/2018\/03\/Wandern.jpg\",\"datePublished\":\"2017-02-16T12:08:43+00:00\",\"dateModified\":\"2018-03-28T18:19:18+00:00\",\"breadcrumb\":{\"@id\":\"https:\/\/adolf-pichler-huette.at\/touren\/wandern\/#breadcrumb\"},\"inLanguage\":\"en-US\",\"potentialAction\":[{\"@type\":\"ReadAction\",\"target\":[\"https:\/\/adolf-pichler-huette.at\/touren\/wandern\/\"]}]},{\"@type\":\"ImageObject\",\"inLanguage\":\"en-US\",\"@id\":\"https:\/\/adolf-pichler-huette.at\/touren\/wandern\/#primaryimage\",\"url\":\"http:\/\/adolf-pichler-huette.at\/wp-content\/uploads\/2018\/03\/Wandern.jpg\",\"contentUrl\":\"http:\/\/adolf-pichler-huette.at\/wp-content\/uploads\/2018\/03\/Wandern.jpg\"},{\"@type\":\"BreadcrumbList\",\"@id\":\"https:\/\/adolf-pichler-huette.at\/touren\/wandern\/#breadcrumb\",\"itemListElement\":[{\"@type\":\"ListItem\",\"position\":1,\"name\":\"Startseite\",\"item\":\"https:\/\/adolf-pichler-huette.at\/\"},{\"@type\":\"ListItem\",\"position\":2,\"name\":\"Touren\",\"item\":\"https:\/\/adolf-pichler-huette.at\/touren\/\"},{\"@type\":\"ListItem\",\"position\":3,\"name\":\"Wandern\"}]},{\"@type\":\"WebSite\",\"@id\":\"https:\/\/adolf-pichler-huette.at\/#website\",\"url\":\"https:\/\/adolf-pichler-huette.at\/\",\"name\":\"Adolf Pichler Hut\",\"description\":\"\",\"potentialAction\":[{\"@type\":\"SearchAction\",\"target\":{\"@type\":\"EntryPoint\",\"urlTemplate\":\"https:\/\/adolf-pichler-huette.at\/?s={search_term_string}\"},\"query-input\":{\"@type\":\"PropertyValueSpecification\",\"valueRequired\":true,\"valueName\":\"search_term_string\"}}],\"inLanguage\":\"en-US\"}]}<\/script>\n<!-- \/ Yoast SEO plugin. -->","yoast_head_json":{"title":"Hiking | Adolf Pichler Hut","robots":{"index":"index","follow":"follow","max-snippet":"max-snippet:-1","max-image-preview":"max-image-preview:large","max-video-preview":"max-video-preview:-1"},"canonical":"https:\/\/adolf-pichler-huette.at\/touren\/wandern\/","og_locale":"en_US","og_type":"article","og_title":"Hiking | Adolf Pichler Hut","og_url":"https:\/\/adolf-pichler-huette.at\/touren\/wandern\/","og_site_name":"Adolf Pichler Hut","article_modified_time":"2018-03-28T18:19:18+00:00","og_image":[{"url":"http:\/\/adolf-pichler-huette.at\/wp-content\/uploads\/2018\/03\/Wandern.jpg","type":"","width":"","height":""}],"twitter_card":"summary_large_image","twitter_misc":{"Est. reading time":"2 minutes"},"schema":{"@context":"https:\/\/schema.org","@graph":[{"@type":"WebPage","@id":"https:\/\/adolf-pichler-huette.at\/touren\/wandern\/","url":"https:\/\/adolf-pichler-huette.at\/touren\/wandern\/","name":"Hiking | Adolf Pichler Hut","isPartOf":{"@id":"https:\/\/adolf-pichler-huette.at\/#website"},"primaryImageOfPage":{"@id":"https:\/\/adolf-pichler-huette.at\/touren\/wandern\/#primaryimage"},"image":{"@id":"https:\/\/adolf-pichler-huette.at\/touren\/wandern\/#primaryimage"},"thumbnailUrl":"http:\/\/adolf-pichler-huette.at\/wp-content\/uploads\/2018\/03\/Wandern.jpg","datePublished":"2017-02-16T12:08:43+00:00","dateModified":"2018-03-28T18:19:18+00:00","breadcrumb":{"@id":"https:\/\/adolf-pichler-huette.at\/touren\/wandern\/#breadcrumb"},"inLanguage":"en-US","potentialAction":[{"@type":"ReadAction","target":["https:\/\/adolf-pichler-huette.at\/touren\/wandern\/"]}]},{"@type":"ImageObject","inLanguage":"en-US","@id":"https:\/\/adolf-pichler-huette.at\/touren\/wandern\/#primaryimage","url":"http:\/\/adolf-pichler-huette.at\/wp-content\/uploads\/2018\/03\/Wandern.jpg","contentUrl":"http:\/\/adolf-pichler-huette.at\/wp-content\/uploads\/2018\/03\/Wandern.jpg"},{"@type":"BreadcrumbList","@id":"https:\/\/adolf-pichler-huette.at\/touren\/wandern\/#breadcrumb","itemListElement":[{"@type":"ListItem","position":1,"name":"Startseite","item":"https:\/\/adolf-pichler-huette.at\/"},{"@type":"ListItem","position":2,"name":"Touren","item":"https:\/\/adolf-pichler-huette.at\/touren\/"},{"@type":"ListItem","position":3,"name":"Wandern"}]},{"@type":"WebSite","@id":"https:\/\/adolf-pichler-huette.at\/#website","url":"https:\/\/adolf-pichler-huette.at\/","name":"Adolf Pichler Hut","description":"","potentialAction":[{"@type":"SearchAction","target":{"@type":"EntryPoint","urlTemplate":"https:\/\/adolf-pichler-huette.at\/?s={search_term_string}"},"query-input":{"@type":"PropertyValueSpecification","valueRequired":true,"valueName":"search_term_string"}}],"inLanguage":"en-US"}]}},"_links":{"self":[{"href":"https:\/\/adolf-pichler-huette.at\/en\/wp-json\/wp\/v2\/pages\/516","targetHints":{"allow":["GET"]}}],"collection":[{"href":"https:\/\/adolf-pichler-huette.at\/en\/wp-json\/wp\/v2\/pages"}],"about":[{"href":"https:\/\/adolf-pichler-huette.at\/en\/wp-json\/wp\/v2\/types\/page"}],"author":[{"embeddable":true,"href":"https:\/\/adolf-pichler-huette.at\/en\/wp-json\/wp\/v2\/users\/1"}],"replies":[{"embeddable":true,"href":"https:\/\/adolf-pichler-huette.at\/en\/wp-json\/wp\/v2\/comments?post=516"}],"version-history":[{"count":37,"href":"https:\/\/adolf-pichler-huette.at\/en\/wp-json\/wp\/v2\/pages\/516\/revisions"}],"predecessor-version":[{"id":1036,"href":"https:\/\/adolf-pichler-huette.at\/en\/wp-json\/wp\/v2\/pages\/516\/revisions\/1036"}],"up":[{"embeddable":true,"href":"https:\/\/adolf-pichler-huette.at\/en\/wp-json\/wp\/v2\/pages\/9"}],"wp:attachment":[{"href":"https:\/\/adolf-pichler-huette.at\/en\/wp-json\/wp\/v2\/media?parent=516"}],"curies":[{"name":"wp","href":"https:\/\/api.w.org\/{rel}","templated":true}]}}